{"id":897,"date":"2025-02-13T11:22:58","date_gmt":"2025-02-13T11:22:58","guid":{"rendered":"https:\/\/mzautomotive.ma\/?page_id=897"},"modified":"2025-02-22T09:20:23","modified_gmt":"2025-02-22T09:20:23","slug":"nos-references","status":"publish","type":"page","link":"https:\/\/mzautomotive.ma\/en\/accueil\/nos-references\/","title":{"rendered":"OUR CLIENTS"},"content":{"rendered":"<div data-elementor-type=\"wp-page\" data-elementor-id=\"897\" class=\"elementor elementor-897\">\n\t\t\t\t\t\t<section class=\"elementor-section elementor-top-section elementor-element elementor-element-3325f50e elementor-hidden-tablet elementor-hidden-mobile elementor-section-boxed elementor-section-height-default elementor-section-height-default\" data-id=\"3325f50e\" data-element_type=\"section\" data-e-type=\"section\" data-settings=\"{&quot;background_background&quot;:&quot;classic&quot;}\">\n\t\t\t\t\t\t\t<div class=\"elementor-background-overlay\"><\/div>\n\t\t\t\t\t\t\t<div class=\"elementor-container elementor-column-gap-default\">\n\t\t\t\t\t<div class=\"elementor-column elementor-col-100 elementor-top-column elementor-element elementor-element-6b182af1\" data-id=\"6b182af1\" data-element_type=\"column\" data-e-type=\"column\">\n\t\t\t<div class=\"elementor-widget-wrap elementor-element-populated\">\n\t\t\t\t\t\t<div class=\"elementor-element elementor-element-1250058b elementor-widget elementor-widget-heading\" data-id=\"1250058b\" data-element_type=\"widget\" data-e-type=\"widget\" data-widget_type=\"heading.default\">\n\t\t\t\t<div class=\"elementor-widget-container\">\n\t\t\t\t\t<h2 class=\"elementor-heading-title elementor-size-default\">THEY TRUST US<\/h2>\t\t\t\t<\/div>\n\t\t\t\t<\/div>\n\t\t\t\t\t<\/div>\n\t\t<\/div>\n\t\t\t\t\t<\/div>\n\t\t<\/section>\n\t\t\t\t<section class=\"elementor-section elementor-top-section elementor-element elementor-element-311e25b elementor-hidden-desktop elementor-section-boxed elementor-section-height-default elementor-section-height-default\" data-id=\"311e25b\" data-element_type=\"section\" data-e-type=\"section\" data-settings=\"{&quot;background_background&quot;:&quot;classic&quot;}\">\n\t\t\t\t\t\t\t<div class=\"elementor-background-overlay\"><\/div>\n\t\t\t\t\t\t\t<div class=\"elementor-container elementor-column-gap-default\">\n\t\t\t\t\t<div class=\"elementor-column elementor-col-100 elementor-top-column elementor-element elementor-element-40cfd8b\" data-id=\"40cfd8b\" data-element_type=\"column\" data-e-type=\"column\">\n\t\t\t<div class=\"elementor-widget-wrap elementor-element-populated\">\n\t\t\t\t\t\t<div class=\"elementor-element elementor-element-ae8625b elementor-widget elementor-widget-heading\" data-id=\"ae8625b\" data-element_type=\"widget\" data-e-type=\"widget\" data-widget_type=\"heading.default\">\n\t\t\t\t<div class=\"elementor-widget-container\">\n\t\t\t\t\t<h2 class=\"elementor-heading-title elementor-size-default\">THEY TRUST US<\/h2>\t\t\t\t<\/div>\n\t\t\t\t<\/div>\n\t\t\t\t\t<\/div>\n\t\t<\/div>\n\t\t\t\t\t<\/div>\n\t\t<\/section>\n\t\t\t\t<section class=\"elementor-section elementor-top-section elementor-element elementor-element-d72c36b elementor-section-boxed elementor-section-height-default elementor-section-height-default\" data-id=\"d72c36b\" data-element_type=\"section\" data-e-type=\"section\">\n\t\t\t\t\t\t<div class=\"elementor-container elementor-column-gap-default\">\n\t\t\t\t\t<div class=\"elementor-column elementor-col-100 elementor-top-column elementor-element elementor-element-c228a27\" data-id=\"c228a27\" data-element_type=\"column\" data-e-type=\"column\">\n\t\t\t<div class=\"elementor-widget-wrap elementor-element-populated\">\n\t\t\t\t\t\t<div class=\"elementor-element elementor-element-64a1316 elementor-widget elementor-widget-bdt-advanced-image-gallery\" data-id=\"64a1316\" data-element_type=\"widget\" data-e-type=\"widget\" data-widget_type=\"bdt-advanced-image-gallery.default\">\n\t\t\t\t<div class=\"elementor-widget-container\">\n\t\t\t\t\t\t\t<div id=\"bdt-avdg-64a1316\" class=\"bdt-ep-advanced-image-gallery bdt-ep-advanced-image-gallery-skin-default bdt-grid bdt-grid-small bdt-child-width-1-1 bdt-child-width-1-3@s bdt-child-width-1-4@m\" data-bdt-grid=\"\" data-settings=\"{&quot;id&quot;:&quot;#bdt-avdg-64a1316&quot;,&quot;tiltShow&quot;:false}\">\n\t\t\t\n\t\t\t\t<div class=\"bdt-ep-advanced-image-gallery-item bdt-transition-toggle\">\n\t\t\t\t\t<div class=\"bdt-ep-advanced-image-gallery-inner bdt-image-mask\">\n\t\t\t\t\t\t<div class=\"bdt-ep-advanced-image-gallery-thumbnail bdt-transition-toggle\"><img fetchpriority=\"high\" decoding=\"async\" width=\"1000\" height=\"1000\" src=\"https:\/\/mzautomotive.ma\/wp-content\/uploads\/2025\/02\/Client-MZ-AUTOMOTIVE-2.png\" class=\"jgalleryImage\" alt=\"Client MZ AUTOMOTIVE (2)\" srcset=\"https:\/\/mzautomotive.ma\/wp-content\/uploads\/2025\/02\/Client-MZ-AUTOMOTIVE-2.png 1024w, https:\/\/mzautomotive.ma\/wp-content\/uploads\/2025\/02\/Client-MZ-AUTOMOTIVE-2-300x300.png 300w, https:\/\/mzautomotive.ma\/wp-content\/uploads\/2025\/02\/Client-MZ-AUTOMOTIVE-2-150x150.png 150w, https:\/\/mzautomotive.ma\/wp-content\/uploads\/2025\/02\/Client-MZ-AUTOMOTIVE-2-768x768.png 768w, https:\/\/mzautomotive.ma\/wp-content\/uploads\/2025\/02\/Client-MZ-AUTOMOTIVE-2-650x650.png 650w\" sizes=\"(max-width: 1000px) 100vw, 1000px\" \/><\/div>\t\t\t\t\t<\/div>\n\t\t\t\t\t\t\t\t\t<\/div>\n\n\t\t\t\n\t\t\t\t<div class=\"bdt-ep-advanced-image-gallery-item bdt-transition-toggle\">\n\t\t\t\t\t<div class=\"bdt-ep-advanced-image-gallery-inner bdt-image-mask\">\n\t\t\t\t\t\t<div class=\"bdt-ep-advanced-image-gallery-thumbnail bdt-transition-toggle\"><img decoding=\"async\" width=\"1000\" height=\"1000\" src=\"https:\/\/mzautomotive.ma\/wp-content\/uploads\/2025\/02\/Client-MZ-AUTOMOTIVE-3.png\" class=\"jgalleryImage\" alt=\"Client MZ AUTOMOTIVE (3)\" srcset=\"https:\/\/mzautomotive.ma\/wp-content\/uploads\/2025\/02\/Client-MZ-AUTOMOTIVE-3.png 1024w, https:\/\/mzautomotive.ma\/wp-content\/uploads\/2025\/02\/Client-MZ-AUTOMOTIVE-3-300x300.png 300w, https:\/\/mzautomotive.ma\/wp-content\/uploads\/2025\/02\/Client-MZ-AUTOMOTIVE-3-150x150.png 150w, https:\/\/mzautomotive.ma\/wp-content\/uploads\/2025\/02\/Client-MZ-AUTOMOTIVE-3-768x768.png 768w, https:\/\/mzautomotive.ma\/wp-content\/uploads\/2025\/02\/Client-MZ-AUTOMOTIVE-3-650x650.png 650w\" sizes=\"(max-width: 1000px) 100vw, 1000px\" \/><\/div>\t\t\t\t\t<\/div>\n\t\t\t\t\t\t\t\t\t<\/div>\n\n\t\t\t\n\t\t\t\t<div class=\"bdt-ep-advanced-image-gallery-item bdt-transition-toggle\">\n\t\t\t\t\t<div class=\"bdt-ep-advanced-image-gallery-inner bdt-image-mask\">\n\t\t\t\t\t\t<div class=\"bdt-ep-advanced-image-gallery-thumbnail bdt-transition-toggle\"><img decoding=\"async\" width=\"1000\" height=\"1000\" src=\"https:\/\/mzautomotive.ma\/wp-content\/uploads\/2025\/02\/Client-MZ-AUTOMOTIVE.png\" class=\"jgalleryImage\" alt=\"Client MZ AUTOMOTIVE\" srcset=\"https:\/\/mzautomotive.ma\/wp-content\/uploads\/2025\/02\/Client-MZ-AUTOMOTIVE.png 1024w, https:\/\/mzautomotive.ma\/wp-content\/uploads\/2025\/02\/Client-MZ-AUTOMOTIVE-300x300.png 300w, https:\/\/mzautomotive.ma\/wp-content\/uploads\/2025\/02\/Client-MZ-AUTOMOTIVE-150x150.png 150w, https:\/\/mzautomotive.ma\/wp-content\/uploads\/2025\/02\/Client-MZ-AUTOMOTIVE-768x768.png 768w, https:\/\/mzautomotive.ma\/wp-content\/uploads\/2025\/02\/Client-MZ-AUTOMOTIVE-650x650.png 650w\" sizes=\"(max-width: 1000px) 100vw, 1000px\" \/><\/div>\t\t\t\t\t<\/div>\n\t\t\t\t\t\t\t\t\t<\/div>\n\n\t\t\t\n\t\t\t\t<div class=\"bdt-ep-advanced-image-gallery-item bdt-transition-toggle\">\n\t\t\t\t\t<div class=\"bdt-ep-advanced-image-gallery-inner bdt-image-mask\">\n\t\t\t\t\t\t<div class=\"bdt-ep-advanced-image-gallery-thumbnail bdt-transition-toggle\"><img loading=\"lazy\" decoding=\"async\" width=\"1000\" height=\"1000\" src=\"https:\/\/mzautomotive.ma\/wp-content\/uploads\/2025\/02\/Client-MZ-AUTOMOTIVE-4.png\" class=\"jgalleryImage\" alt=\"Client MZ AUTOMOTIVE (4)\" srcset=\"https:\/\/mzautomotive.ma\/wp-content\/uploads\/2025\/02\/Client-MZ-AUTOMOTIVE-4.png 1024w, https:\/\/mzautomotive.ma\/wp-content\/uploads\/2025\/02\/Client-MZ-AUTOMOTIVE-4-300x300.png 300w, https:\/\/mzautomotive.ma\/wp-content\/uploads\/2025\/02\/Client-MZ-AUTOMOTIVE-4-150x150.png 150w, https:\/\/mzautomotive.ma\/wp-content\/uploads\/2025\/02\/Client-MZ-AUTOMOTIVE-4-768x768.png 768w, https:\/\/mzautomotive.ma\/wp-content\/uploads\/2025\/02\/Client-MZ-AUTOMOTIVE-4-650x650.png 650w\" sizes=\"(max-width: 1000px) 100vw, 1000px\" \/><\/div>\t\t\t\t\t<\/div>\n\t\t\t\t\t\t\t\t\t<\/div>\n\n\t\t\t\n\t\t\t\t<div class=\"bdt-ep-advanced-image-gallery-item bdt-transition-toggle\">\n\t\t\t\t\t<div class=\"bdt-ep-advanced-image-gallery-inner bdt-image-mask\">\n\t\t\t\t\t\t<div class=\"bdt-ep-advanced-image-gallery-thumbnail bdt-transition-toggle\"><img loading=\"lazy\" decoding=\"async\" width=\"1000\" height=\"1000\" src=\"https:\/\/mzautomotive.ma\/wp-content\/uploads\/2025\/02\/Client-MZ-AUTOMOTIVE-5.png\" class=\"jgalleryImage\" alt=\"Client MZ AUTOMOTIVE (5)\" srcset=\"https:\/\/mzautomotive.ma\/wp-content\/uploads\/2025\/02\/Client-MZ-AUTOMOTIVE-5.png 1024w, https:\/\/mzautomotive.ma\/wp-content\/uploads\/2025\/02\/Client-MZ-AUTOMOTIVE-5-300x300.png 300w, https:\/\/mzautomotive.ma\/wp-content\/uploads\/2025\/02\/Client-MZ-AUTOMOTIVE-5-150x150.png 150w, https:\/\/mzautomotive.ma\/wp-content\/uploads\/2025\/02\/Client-MZ-AUTOMOTIVE-5-768x768.png 768w, https:\/\/mzautomotive.ma\/wp-content\/uploads\/2025\/02\/Client-MZ-AUTOMOTIVE-5-650x650.png 650w\" sizes=\"(max-width: 1000px) 100vw, 1000px\" \/><\/div>\t\t\t\t\t<\/div>\n\t\t\t\t\t\t\t\t\t<\/div>\n\n\t\t\t\n\t\t\t\t<div class=\"bdt-ep-advanced-image-gallery-item bdt-transition-toggle\">\n\t\t\t\t\t<div class=\"bdt-ep-advanced-image-gallery-inner bdt-image-mask\">\n\t\t\t\t\t\t<div class=\"bdt-ep-advanced-image-gallery-thumbnail bdt-transition-toggle\"><img loading=\"lazy\" decoding=\"async\" width=\"1000\" height=\"1000\" src=\"https:\/\/mzautomotive.ma\/wp-content\/uploads\/2025\/02\/Client-MZ-AUTOMOTIVE-6.png\" class=\"jgalleryImage\" alt=\"Client MZ AUTOMOTIVE (6)\" srcset=\"https:\/\/mzautomotive.ma\/wp-content\/uploads\/2025\/02\/Client-MZ-AUTOMOTIVE-6.png 1024w, https:\/\/mzautomotive.ma\/wp-content\/uploads\/2025\/02\/Client-MZ-AUTOMOTIVE-6-300x300.png 300w, https:\/\/mzautomotive.ma\/wp-content\/uploads\/2025\/02\/Client-MZ-AUTOMOTIVE-6-150x150.png 150w, https:\/\/mzautomotive.ma\/wp-content\/uploads\/2025\/02\/Client-MZ-AUTOMOTIVE-6-768x768.png 768w, https:\/\/mzautomotive.ma\/wp-content\/uploads\/2025\/02\/Client-MZ-AUTOMOTIVE-6-650x650.png 650w\" sizes=\"(max-width: 1000px) 100vw, 1000px\" \/><\/div>\t\t\t\t\t<\/div>\n\t\t\t\t\t\t\t\t\t<\/div>\n\n\t\t\t\n\t\t\t\t<div class=\"bdt-ep-advanced-image-gallery-item bdt-transition-toggle\">\n\t\t\t\t\t<div class=\"bdt-ep-advanced-image-gallery-inner bdt-image-mask\">\n\t\t\t\t\t\t<div class=\"bdt-ep-advanced-image-gallery-thumbnail bdt-transition-toggle\"><img loading=\"lazy\" decoding=\"async\" width=\"1000\" height=\"1000\" src=\"https:\/\/mzautomotive.ma\/wp-content\/uploads\/2025\/02\/Client-MZ-AUTOMOTIVE-7.png\" class=\"jgalleryImage\" alt=\"Client MZ AUTOMOTIVE (7)\" srcset=\"https:\/\/mzautomotive.ma\/wp-content\/uploads\/2025\/02\/Client-MZ-AUTOMOTIVE-7.png 1024w, https:\/\/mzautomotive.ma\/wp-content\/uploads\/2025\/02\/Client-MZ-AUTOMOTIVE-7-300x300.png 300w, https:\/\/mzautomotive.ma\/wp-content\/uploads\/2025\/02\/Client-MZ-AUTOMOTIVE-7-150x150.png 150w, https:\/\/mzautomotive.ma\/wp-content\/uploads\/2025\/02\/Client-MZ-AUTOMOTIVE-7-768x768.png 768w, https:\/\/mzautomotive.ma\/wp-content\/uploads\/2025\/02\/Client-MZ-AUTOMOTIVE-7-650x650.png 650w\" sizes=\"(max-width: 1000px) 100vw, 1000px\" \/><\/div>\t\t\t\t\t<\/div>\n\t\t\t\t\t\t\t\t\t<\/div>\n\n\t\t\t\n\t\t\t\t<div class=\"bdt-ep-advanced-image-gallery-item bdt-transition-toggle\">\n\t\t\t\t\t<div class=\"bdt-ep-advanced-image-gallery-inner bdt-image-mask\">\n\t\t\t\t\t\t<div class=\"bdt-ep-advanced-image-gallery-thumbnail bdt-transition-toggle\"><img loading=\"lazy\" decoding=\"async\" width=\"1000\" height=\"1000\" src=\"https:\/\/mzautomotive.ma\/wp-content\/uploads\/2025\/02\/Client-MZ-AUTOMOTIVE-8.png\" class=\"jgalleryImage\" alt=\"Client MZ AUTOMOTIVE (8)\" srcset=\"https:\/\/mzautomotive.ma\/wp-content\/uploads\/2025\/02\/Client-MZ-AUTOMOTIVE-8.png 1024w, https:\/\/mzautomotive.ma\/wp-content\/uploads\/2025\/02\/Client-MZ-AUTOMOTIVE-8-300x300.png 300w, https:\/\/mzautomotive.ma\/wp-content\/uploads\/2025\/02\/Client-MZ-AUTOMOTIVE-8-150x150.png 150w, https:\/\/mzautomotive.ma\/wp-content\/uploads\/2025\/02\/Client-MZ-AUTOMOTIVE-8-768x768.png 768w, https:\/\/mzautomotive.ma\/wp-content\/uploads\/2025\/02\/Client-MZ-AUTOMOTIVE-8-650x650.png 650w\" sizes=\"(max-width: 1000px) 100vw, 1000px\" \/><\/div>\t\t\t\t\t<\/div>\n\t\t\t\t\t\t\t\t\t<\/div>\n\n\t\t\t\t\t<\/div>\n\t\t\t\t\t<\/div>\n\t\t\t\t<\/div>\n\t\t\t\t\t<\/div>\n\t\t<\/div>\n\t\t\t\t\t<\/div>\n\t\t<\/section>\n\t\t\t\t<\/div>","protected":false},"excerpt":{"rendered":"<p>ILS NOUS FONT CONFIANCE ILS NOUS FONT CONFIANCE<\/p>","protected":false},"author":1,"featured_media":0,"parent":894,"menu_order":0,"comment_status":"closed","ping_status":"closed","template":"","meta":{"_joinchat":[],"footnotes":""},"class_list":["post-897","page","type-page","status-publish","hentry"],"yoast_head":"<!-- This site is optimized with the Yoast SEO plugin v27.4 - https:\/\/yoast.com\/product\/yoast-seo-wordpress\/ -->\n<title>MZ AUTOMOTIVE - Sp\u00e9cialiste de la carrosserie industrielle<\/title>\n<meta name=\"description\" content=\"Notre m\u00e9tier est la construction, l\u2019am\u00e9nagement et la r\u00e9paration de tous les v\u00e9hicules utilitaires, industriels, du l\u00e9ger au poids lourd.\" \/>\n<meta name=\"robots\" content=\"index, follow, max-snippet:-1, max-image-preview:large, max-video-preview:-1\" \/>\n<link rel=\"canonical\" href=\"https:\/\/mzautomotive.ma\/en\/accueil\/nos-references\/\" \/>\n<meta property=\"og:locale\" content=\"en_US\" \/>\n<meta property=\"og:type\" content=\"article\" \/>\n<meta property=\"og:title\" content=\"MZ AUTOMOTIVE - Sp\u00e9cialiste de la carrosserie industrielle\" \/>\n<meta property=\"og:description\" content=\"Notre m\u00e9tier est la construction, l\u2019am\u00e9nagement et la r\u00e9paration de tous les v\u00e9hicules utilitaires, industriels, du l\u00e9ger au poids lourd.\" \/>\n<meta property=\"og:url\" content=\"https:\/\/mzautomotive.ma\/en\/accueil\/nos-references\/\" \/>\n<meta property=\"og:site_name\" content=\"MZAUTOMOTIVE.MA\" \/>\n<meta property=\"article:modified_time\" content=\"2025-02-22T09:20:23+00:00\" \/>\n<meta property=\"og:image\" content=\"https:\/\/mzautomotive.ma\/wp-content\/uploads\/2025\/02\/Client-MZ-AUTOMOTIVE-2.png\" \/>\n<meta name=\"twitter:card\" content=\"summary_large_image\" \/>\n<meta name=\"twitter:label1\" content=\"Est. reading time\" \/>\n\t<meta name=\"twitter:data1\" content=\"2 minutes\" \/>\n<script type=\"application\/ld+json\" class=\"yoast-schema-graph\">{\"@context\":\"https:\\\/\\\/schema.org\",\"@graph\":[{\"@type\":\"WebPage\",\"@id\":\"https:\\\/\\\/mzautomotive.ma\\\/accueil\\\/nos-references\\\/\",\"url\":\"https:\\\/\\\/mzautomotive.ma\\\/accueil\\\/nos-references\\\/\",\"name\":\"MZ AUTOMOTIVE - Sp\u00e9cialiste de la carrosserie industrielle\",\"isPartOf\":{\"@id\":\"https:\\\/\\\/mzautomotive.ma\\\/#website\"},\"primaryImageOfPage\":{\"@id\":\"https:\\\/\\\/mzautomotive.ma\\\/accueil\\\/nos-references\\\/#primaryimage\"},\"image\":{\"@id\":\"https:\\\/\\\/mzautomotive.ma\\\/accueil\\\/nos-references\\\/#primaryimage\"},\"thumbnailUrl\":\"https:\\\/\\\/mzautomotive.ma\\\/wp-content\\\/uploads\\\/2025\\\/02\\\/Client-MZ-AUTOMOTIVE-2.png\",\"datePublished\":\"2025-02-13T11:22:58+00:00\",\"dateModified\":\"2025-02-22T09:20:23+00:00\",\"description\":\"Notre m\u00e9tier est la construction, l\u2019am\u00e9nagement et la r\u00e9paration de tous les v\u00e9hicules utilitaires, industriels, du l\u00e9ger au poids lourd.\",\"breadcrumb\":{\"@id\":\"https:\\\/\\\/mzautomotive.ma\\\/accueil\\\/nos-references\\\/#breadcrumb\"},\"inLanguage\":\"en-US\",\"potentialAction\":[{\"@type\":\"ReadAction\",\"target\":[\"https:\\\/\\\/mzautomotive.ma\\\/accueil\\\/nos-references\\\/\"]}]},{\"@type\":\"ImageObject\",\"inLanguage\":\"en-US\",\"@id\":\"https:\\\/\\\/mzautomotive.ma\\\/accueil\\\/nos-references\\\/#primaryimage\",\"url\":\"https:\\\/\\\/mzautomotive.ma\\\/wp-content\\\/uploads\\\/2025\\\/02\\\/Client-MZ-AUTOMOTIVE-2.png\",\"contentUrl\":\"https:\\\/\\\/mzautomotive.ma\\\/wp-content\\\/uploads\\\/2025\\\/02\\\/Client-MZ-AUTOMOTIVE-2.png\"},{\"@type\":\"BreadcrumbList\",\"@id\":\"https:\\\/\\\/mzautomotive.ma\\\/accueil\\\/nos-references\\\/#breadcrumb\",\"itemListElement\":[{\"@type\":\"ListItem\",\"position\":1,\"name\":\"Home\",\"item\":\"https:\\\/\\\/mzautomotive.ma\\\/\"},{\"@type\":\"ListItem\",\"position\":2,\"name\":\"Accueil\",\"item\":\"https:\\\/\\\/mzautomotive.ma\\\/\"},{\"@type\":\"ListItem\",\"position\":3,\"name\":\"NOS R\u00c9F\u00c9RENCES\"}]},{\"@type\":\"WebSite\",\"@id\":\"https:\\\/\\\/mzautomotive.ma\\\/#website\",\"url\":\"https:\\\/\\\/mzautomotive.ma\\\/\",\"name\":\"MZAUTOMOTIVE.MA\",\"description\":\"Sp\u00e9cialiste de la carrosserie industrielle \u00e0 usage g\u00e9n\u00e9ral et sp\u00e9cifique\",\"potentialAction\":[{\"@type\":\"SearchAction\",\"target\":{\"@type\":\"EntryPoint\",\"urlTemplate\":\"https:\\\/\\\/mzautomotive.ma\\\/?s={search_term_string}\"},\"query-input\":{\"@type\":\"PropertyValueSpecification\",\"valueRequired\":true,\"valueName\":\"search_term_string\"}}],\"inLanguage\":\"en-US\"}]}<\/script>\n<!-- \/ Yoast SEO plugin. -->","yoast_head_json":{"title":"MZ AUTOMOTIVE - Sp\u00e9cialiste de la carrosserie industrielle","description":"Notre m\u00e9tier est la construction, l\u2019am\u00e9nagement et la r\u00e9paration de tous les v\u00e9hicules utilitaires, industriels, du l\u00e9ger au poids lourd.","robots":{"index":"index","follow":"follow","max-snippet":"max-snippet:-1","max-image-preview":"max-image-preview:large","max-video-preview":"max-video-preview:-1"},"canonical":"https:\/\/mzautomotive.ma\/en\/accueil\/nos-references\/","og_locale":"en_US","og_type":"article","og_title":"MZ AUTOMOTIVE - Sp\u00e9cialiste de la carrosserie industrielle","og_description":"Notre m\u00e9tier est la construction, l\u2019am\u00e9nagement et la r\u00e9paration de tous les v\u00e9hicules utilitaires, industriels, du l\u00e9ger au poids lourd.","og_url":"https:\/\/mzautomotive.ma\/en\/accueil\/nos-references\/","og_site_name":"MZAUTOMOTIVE.MA","article_modified_time":"2025-02-22T09:20:23+00:00","og_image":[{"url":"https:\/\/mzautomotive.ma\/wp-content\/uploads\/2025\/02\/Client-MZ-AUTOMOTIVE-2.png","type":"","width":"","height":""}],"twitter_card":"summary_large_image","twitter_misc":{"Est. reading time":"2 minutes"},"schema":{"@context":"https:\/\/schema.org","@graph":[{"@type":"WebPage","@id":"https:\/\/mzautomotive.ma\/accueil\/nos-references\/","url":"https:\/\/mzautomotive.ma\/accueil\/nos-references\/","name":"MZ AUTOMOTIVE - Sp\u00e9cialiste de la carrosserie industrielle","isPartOf":{"@id":"https:\/\/mzautomotive.ma\/#website"},"primaryImageOfPage":{"@id":"https:\/\/mzautomotive.ma\/accueil\/nos-references\/#primaryimage"},"image":{"@id":"https:\/\/mzautomotive.ma\/accueil\/nos-references\/#primaryimage"},"thumbnailUrl":"https:\/\/mzautomotive.ma\/wp-content\/uploads\/2025\/02\/Client-MZ-AUTOMOTIVE-2.png","datePublished":"2025-02-13T11:22:58+00:00","dateModified":"2025-02-22T09:20:23+00:00","description":"Notre m\u00e9tier est la construction, l\u2019am\u00e9nagement et la r\u00e9paration de tous les v\u00e9hicules utilitaires, industriels, du l\u00e9ger au poids lourd.","breadcrumb":{"@id":"https:\/\/mzautomotive.ma\/accueil\/nos-references\/#breadcrumb"},"inLanguage":"en-US","potentialAction":[{"@type":"ReadAction","target":["https:\/\/mzautomotive.ma\/accueil\/nos-references\/"]}]},{"@type":"ImageObject","inLanguage":"en-US","@id":"https:\/\/mzautomotive.ma\/accueil\/nos-references\/#primaryimage","url":"https:\/\/mzautomotive.ma\/wp-content\/uploads\/2025\/02\/Client-MZ-AUTOMOTIVE-2.png","contentUrl":"https:\/\/mzautomotive.ma\/wp-content\/uploads\/2025\/02\/Client-MZ-AUTOMOTIVE-2.png"},{"@type":"BreadcrumbList","@id":"https:\/\/mzautomotive.ma\/accueil\/nos-references\/#breadcrumb","itemListElement":[{"@type":"ListItem","position":1,"name":"Home","item":"https:\/\/mzautomotive.ma\/"},{"@type":"ListItem","position":2,"name":"Accueil","item":"https:\/\/mzautomotive.ma\/"},{"@type":"ListItem","position":3,"name":"NOS R\u00c9F\u00c9RENCES"}]},{"@type":"WebSite","@id":"https:\/\/mzautomotive.ma\/#website","url":"https:\/\/mzautomotive.ma\/","name":"MZAUTOMOTIVE.MA","description":"Sp\u00e9cialiste de la carrosserie industrielle \u00e0 usage g\u00e9n\u00e9ral et sp\u00e9cifique","potentialAction":[{"@type":"SearchAction","target":{"@type":"EntryPoint","urlTemplate":"https:\/\/mzautomotive.ma\/?s={search_term_string}"},"query-input":{"@type":"PropertyValueSpecification","valueRequired":true,"valueName":"search_term_string"}}],"inLanguage":"en-US"}]}},"_links":{"self":[{"href":"https:\/\/mzautomotive.ma\/en\/wp-json\/wp\/v2\/pages\/897","targetHints":{"allow":["GET"]}}],"collection":[{"href":"https:\/\/mzautomotive.ma\/en\/wp-json\/wp\/v2\/pages"}],"about":[{"href":"https:\/\/mzautomotive.ma\/en\/wp-json\/wp\/v2\/types\/page"}],"author":[{"embeddable":true,"href":"https:\/\/mzautomotive.ma\/en\/wp-json\/wp\/v2\/users\/1"}],"replies":[{"embeddable":true,"href":"https:\/\/mzautomotive.ma\/en\/wp-json\/wp\/v2\/comments?post=897"}],"version-history":[{"count":109,"href":"https:\/\/mzautomotive.ma\/en\/wp-json\/wp\/v2\/pages\/897\/revisions"}],"predecessor-version":[{"id":2967,"href":"https:\/\/mzautomotive.ma\/en\/wp-json\/wp\/v2\/pages\/897\/revisions\/2967"}],"up":[{"embeddable":true,"href":"https:\/\/mzautomotive.ma\/en\/wp-json\/wp\/v2\/pages\/894"}],"wp:attachment":[{"href":"https:\/\/mzautomotive.ma\/en\/wp-json\/wp\/v2\/media?parent=897"}],"curies":[{"name":"wp","href":"https:\/\/api.w.org\/{rel}","templated":true}]}}